{"id":59596,"date":"2024-11-18T17:06:59","date_gmt":"2024-11-18T20:06:59","guid":{"rendered":"https:\/\/lacteus.com.br\/v5\/?page_id=59596"},"modified":"2024-11-18T17:29:03","modified_gmt":"2024-11-18T20:29:03","slug":"site-em-mnutencao","status":"publish","type":"page","link":"https:\/\/lacteus.com.br\/v5\/","title":{"rendered":"SITE EM MANUTEN\u00c7\u00c3O"},"content":{"rendered":"\t\t<div data-elementor-type=\"wp-page\" data-elementor-id=\"59596\" class=\"elementor elementor-59596\" data-elementor-post-type=\"page\">\n\t\t\t\t<div class=\"elementor-element elementor-element-8485031 e-flex e-con-boxed e-con e-parent\" data-id=\"8485031\" data-element_type=\"container\">\n\t\t\t\t\t<div class=\"e-con-inner\">\n\t\t<div class=\"elementor-element elementor-element-d4478c2 e-flex e-con-boxed e-con e-child\" data-id=\"d4478c2\" data-element_type=\"container\">\n\t\t\t\t\t<div class=\"e-con-inner\">\n\t\t\t\t<div class=\"elementor-element elementor-element-e0ea171 elementor-widget elementor-widget-image\" data-id=\"e0ea171\" data-element_type=\"widget\" data-widget_type=\"image.default\">\n\t\t\t\t<div class=\"elementor-widget-container\">\n\t\t\t\t\t\t\t\t\t\t\t\t\t\t\t<img fetchpriority=\"high\" decoding=\"async\" width=\"524\" height=\"100\" src=\"https:\/\/lacteus.com.br\/v5\/wp-content\/uploads\/2021\/07\/logo-H-100.png\" class=\"attachment-large size-large wp-image-11\" alt=\"\" srcset=\"https:\/\/lacteus.com.br\/v5\/wp-content\/uploads\/2021\/07\/logo-H-100.png 524w, https:\/\/lacteus.com.br\/v5\/wp-content\/uploads\/2021\/07\/logo-H-100-300x57.png 300w\" sizes=\"(max-width: 524px) 100vw, 524px\" \/>\t\t\t\t\t\t\t\t\t\t\t\t\t\t\t<\/div>\n\t\t\t\t<\/div>\n\t\t\t\t\t<\/div>\n\t\t\t\t<\/div>\n\t\t\t\t<div class=\"elementor-element elementor-element-12f15ad elementor-widget elementor-widget-heading\" data-id=\"12f15ad\" data-element_type=\"widget\" data-widget_type=\"heading.default\">\n\t\t\t\t<div class=\"elementor-widget-container\">\n\t\t\t\t\t<h2 class=\"elementor-heading-title elementor-size-default\">Site em <br>\nConstru\u00e7\u00e3o<\/h2>\t\t\t\t<\/div>\n\t\t\t\t<\/div>\n\t\t\t\t<div class=\"elementor-element elementor-element-cf9c628 elementor-widget elementor-widget-text-editor\" data-id=\"cf9c628\" data-element_type=\"widget\" data-widget_type=\"text-editor.default\">\n\t\t\t\t<div class=\"elementor-widget-container\">\n\t\t\t\t\t\t\t\t\t<p>Estamos trabalhando para trazer uma experi\u00eancia ainda melhor para voc\u00ea! Em breve, nosso novo site estar\u00e1 no ar. Fique ligado e continue contando conosco.<\/p>\t\t\t\t\t\t\t\t<\/div>\n\t\t\t\t<\/div>\n\t\t\t\t<div class=\"elementor-element elementor-element-e49317d elementor-mobile-align-center elementor-widget elementor-widget-button\" data-id=\"e49317d\" data-element_type=\"widget\" data-widget_type=\"button.default\">\n\t\t\t\t<div class=\"elementor-widget-container\">\n\t\t\t\t\t\t\t\t\t<div class=\"elementor-button-wrapper\">\n\t\t\t\t\t<a class=\"elementor-button elementor-button-link elementor-size-sm\" href=\"https:\/\/api.whatsapp.com\/send\/?phone=%2B553288003875&#038;text&#038;type=phone_number&#038;app_absent=0\">\n\t\t\t\t\t\t<span class=\"elementor-button-content-wrapper\">\n\t\t\t\t\t\t\t\t\t<span class=\"elementor-button-text\">Entre em Contato<\/span>\n\t\t\t\t\t<\/span>\n\t\t\t\t\t<\/a>\n\t\t\t\t<\/div>\n\t\t\t\t\t\t\t\t<\/div>\n\t\t\t\t<\/div>\n\t\t\t\t\t<\/div>\n\t\t\t\t<\/div>\n\t\t\t\t<\/div>\n\t\t","protected":false},"excerpt":{"rendered":"<p>Site em Constru\u00e7\u00e3o Estamos trabalhando para trazer uma experi\u00eancia ainda melhor para voc\u00ea! Em breve, nosso novo site estar\u00e1 no ar. Fique ligado e continue contando conosco. Entre em Contato<\/p>\n","protected":false},"author":1,"featured_media":0,"parent":0,"menu_order":0,"comment_status":"closed","ping_status":"closed","template":"elementor_canvas","meta":{"footnotes":""},"class_list":["post-59596","page","type-page","status-publish","hentry"],"yoast_head":"<!-- This site is optimized with the Yoast SEO plugin v24.5 - https:\/\/yoast.com\/wordpress\/plugins\/seo\/ -->\n<title>SITE EM MANUTEN\u00c7\u00c3O | lacteus : Gest\u00e3o para Latic\u00ednios<\/title>\n<meta name=\"robots\" content=\"index, follow, max-snippet:-1, max-image-preview:large, max-video-preview:-1\" \/>\n<link rel=\"canonical\" href=\"https:\/\/lacteus.com.br\/v5\/\" \/>\n<meta property=\"og:locale\" content=\"pt_BR\" \/>\n<meta property=\"og:type\" content=\"article\" \/>\n<meta property=\"og:title\" content=\"SITE EM MANUTEN\u00c7\u00c3O | lacteus : Gest\u00e3o para Latic\u00ednios\" \/>\n<meta property=\"og:description\" content=\"Site em Constru\u00e7\u00e3o Estamos trabalhando para trazer uma experi\u00eancia ainda melhor para voc\u00ea! Em breve, nosso novo site estar\u00e1 no ar. Fique ligado e continue contando conosco. Entre em Contato\" \/>\n<meta property=\"og:url\" content=\"https:\/\/lacteus.com.br\/v5\/\" \/>\n<meta property=\"og:site_name\" content=\"lacteus : Gest\u00e3o para Latic\u00ednios\" \/>\n<meta property=\"article:publisher\" content=\"https:\/\/www.facebook.com\/lacteusbrasil\" \/>\n<meta property=\"article:modified_time\" content=\"2024-11-18T20:29:03+00:00\" \/>\n<meta property=\"og:image\" content=\"https:\/\/lacteus.com.br\/v5\/wp-content\/uploads\/2021\/07\/logo-H-100.png\" \/>\n\t<meta property=\"og:image:width\" content=\"524\" \/>\n\t<meta property=\"og:image:height\" content=\"100\" \/>\n\t<meta property=\"og:image:type\" content=\"image\/png\" \/>\n<meta name=\"twitter:card\" content=\"summary_large_image\" \/>\n<meta name=\"twitter:site\" content=\"@lacteusbrasil\" \/>\n<script type=\"application\/ld+json\" class=\"yoast-schema-graph\">{\"@context\":\"https:\/\/schema.org\",\"@graph\":[{\"@type\":\"WebPage\",\"@id\":\"https:\/\/lacteus.com.br\/v5\/\",\"url\":\"https:\/\/lacteus.com.br\/v5\/\",\"name\":\"SITE EM MANUTEN\u00c7\u00c3O | lacteus : Gest\u00e3o para Latic\u00ednios\",\"isPartOf\":{\"@id\":\"https:\/\/lacteus.com.br\/v5\/#website\"},\"primaryImageOfPage\":{\"@id\":\"https:\/\/lacteus.com.br\/v5\/#primaryimage\"},\"image\":{\"@id\":\"https:\/\/lacteus.com.br\/v5\/#primaryimage\"},\"thumbnailUrl\":\"https:\/\/lacteus.com.br\/v5\/wp-content\/uploads\/2021\/07\/logo-H-100.png\",\"datePublished\":\"2024-11-18T20:06:59+00:00\",\"dateModified\":\"2024-11-18T20:29:03+00:00\",\"breadcrumb\":{\"@id\":\"https:\/\/lacteus.com.br\/v5\/#breadcrumb\"},\"inLanguage\":\"pt-BR\",\"potentialAction\":[{\"@type\":\"ReadAction\",\"target\":[\"https:\/\/lacteus.com.br\/v5\/\"]}]},{\"@type\":\"ImageObject\",\"inLanguage\":\"pt-BR\",\"@id\":\"https:\/\/lacteus.com.br\/v5\/#primaryimage\",\"url\":\"https:\/\/lacteus.com.br\/v5\/wp-content\/uploads\/2021\/07\/logo-H-100.png\",\"contentUrl\":\"https:\/\/lacteus.com.br\/v5\/wp-content\/uploads\/2021\/07\/logo-H-100.png\",\"width\":524,\"height\":100},{\"@type\":\"BreadcrumbList\",\"@id\":\"https:\/\/lacteus.com.br\/v5\/#breadcrumb\",\"itemListElement\":[{\"@type\":\"ListItem\",\"position\":1,\"name\":\"In\u00edcio\",\"item\":\"https:\/\/lacteus.com.br\/v5\/\"},{\"@type\":\"ListItem\",\"position\":2,\"name\":\"SITE EM MANUTEN\u00c7\u00c3O\"}]},{\"@type\":\"WebSite\",\"@id\":\"https:\/\/lacteus.com.br\/v5\/#website\",\"url\":\"https:\/\/lacteus.com.br\/v5\/\",\"name\":\"lacteus : Gest\u00e3o para Latic\u00ednios\",\"description\":\"\",\"publisher\":{\"@id\":\"https:\/\/lacteus.com.br\/v5\/#organization\"},\"potentialAction\":[{\"@type\":\"SearchAction\",\"target\":{\"@type\":\"EntryPoint\",\"urlTemplate\":\"https:\/\/lacteus.com.br\/v5\/?s={search_term_string}\"},\"query-input\":{\"@type\":\"PropertyValueSpecification\",\"valueRequired\":true,\"valueName\":\"search_term_string\"}}],\"inLanguage\":\"pt-BR\"},{\"@type\":\"Organization\",\"@id\":\"https:\/\/lacteus.com.br\/v5\/#organization\",\"name\":\"Lacteus Gest\u00e3o para Latic\u00ednios\",\"url\":\"https:\/\/lacteus.com.br\/v5\/\",\"logo\":{\"@type\":\"ImageObject\",\"inLanguage\":\"pt-BR\",\"@id\":\"https:\/\/lacteus.com.br\/v5\/#\/schema\/logo\/image\/\",\"url\":\"https:\/\/lacteus.com.br\/v5\/wp-content\/uploads\/2021\/07\/logo-H-100.png\",\"contentUrl\":\"https:\/\/lacteus.com.br\/v5\/wp-content\/uploads\/2021\/07\/logo-H-100.png\",\"width\":524,\"height\":100,\"caption\":\"Lacteus Gest\u00e3o para Latic\u00ednios\"},\"image\":{\"@id\":\"https:\/\/lacteus.com.br\/v5\/#\/schema\/logo\/image\/\"},\"sameAs\":[\"https:\/\/www.facebook.com\/lacteusbrasil\",\"https:\/\/x.com\/lacteusbrasil\",\"https:\/\/www.instagram.com\/lacteusbrasil\",\"https:\/\/www.linkedin.com\/company\/lacteusbrasil\",\"https:\/\/www.youtube.com\/lacteusbrasil\"]}]}<\/script>\n<!-- \/ Yoast SEO plugin. -->","yoast_head_json":{"title":"SITE EM MANUTEN\u00c7\u00c3O | lacteus : Gest\u00e3o para Latic\u00ednios","robots":{"index":"index","follow":"follow","max-snippet":"max-snippet:-1","max-image-preview":"max-image-preview:large","max-video-preview":"max-video-preview:-1"},"canonical":"https:\/\/lacteus.com.br\/v5\/","og_locale":"pt_BR","og_type":"article","og_title":"SITE EM MANUTEN\u00c7\u00c3O | lacteus : Gest\u00e3o para Latic\u00ednios","og_description":"Site em Constru\u00e7\u00e3o Estamos trabalhando para trazer uma experi\u00eancia ainda melhor para voc\u00ea! Em breve, nosso novo site estar\u00e1 no ar. Fique ligado e continue contando conosco. Entre em Contato","og_url":"https:\/\/lacteus.com.br\/v5\/","og_site_name":"lacteus : Gest\u00e3o para Latic\u00ednios","article_publisher":"https:\/\/www.facebook.com\/lacteusbrasil","article_modified_time":"2024-11-18T20:29:03+00:00","og_image":[{"width":524,"height":100,"url":"https:\/\/lacteus.com.br\/v5\/wp-content\/uploads\/2021\/07\/logo-H-100.png","type":"image\/png"}],"twitter_card":"summary_large_image","twitter_site":"@lacteusbrasil","schema":{"@context":"https:\/\/schema.org","@graph":[{"@type":"WebPage","@id":"https:\/\/lacteus.com.br\/v5\/","url":"https:\/\/lacteus.com.br\/v5\/","name":"SITE EM MANUTEN\u00c7\u00c3O | lacteus : Gest\u00e3o para Latic\u00ednios","isPartOf":{"@id":"https:\/\/lacteus.com.br\/v5\/#website"},"primaryImageOfPage":{"@id":"https:\/\/lacteus.com.br\/v5\/#primaryimage"},"image":{"@id":"https:\/\/lacteus.com.br\/v5\/#primaryimage"},"thumbnailUrl":"https:\/\/lacteus.com.br\/v5\/wp-content\/uploads\/2021\/07\/logo-H-100.png","datePublished":"2024-11-18T20:06:59+00:00","dateModified":"2024-11-18T20:29:03+00:00","breadcrumb":{"@id":"https:\/\/lacteus.com.br\/v5\/#breadcrumb"},"inLanguage":"pt-BR","potentialAction":[{"@type":"ReadAction","target":["https:\/\/lacteus.com.br\/v5\/"]}]},{"@type":"ImageObject","inLanguage":"pt-BR","@id":"https:\/\/lacteus.com.br\/v5\/#primaryimage","url":"https:\/\/lacteus.com.br\/v5\/wp-content\/uploads\/2021\/07\/logo-H-100.png","contentUrl":"https:\/\/lacteus.com.br\/v5\/wp-content\/uploads\/2021\/07\/logo-H-100.png","width":524,"height":100},{"@type":"BreadcrumbList","@id":"https:\/\/lacteus.com.br\/v5\/#breadcrumb","itemListElement":[{"@type":"ListItem","position":1,"name":"In\u00edcio","item":"https:\/\/lacteus.com.br\/v5\/"},{"@type":"ListItem","position":2,"name":"SITE EM MANUTEN\u00c7\u00c3O"}]},{"@type":"WebSite","@id":"https:\/\/lacteus.com.br\/v5\/#website","url":"https:\/\/lacteus.com.br\/v5\/","name":"lacteus : Gest\u00e3o para Latic\u00ednios","description":"","publisher":{"@id":"https:\/\/lacteus.com.br\/v5\/#organization"},"potentialAction":[{"@type":"SearchAction","target":{"@type":"EntryPoint","urlTemplate":"https:\/\/lacteus.com.br\/v5\/?s={search_term_string}"},"query-input":{"@type":"PropertyValueSpecification","valueRequired":true,"valueName":"search_term_string"}}],"inLanguage":"pt-BR"},{"@type":"Organization","@id":"https:\/\/lacteus.com.br\/v5\/#organization","name":"Lacteus Gest\u00e3o para Latic\u00ednios","url":"https:\/\/lacteus.com.br\/v5\/","logo":{"@type":"ImageObject","inLanguage":"pt-BR","@id":"https:\/\/lacteus.com.br\/v5\/#\/schema\/logo\/image\/","url":"https:\/\/lacteus.com.br\/v5\/wp-content\/uploads\/2021\/07\/logo-H-100.png","contentUrl":"https:\/\/lacteus.com.br\/v5\/wp-content\/uploads\/2021\/07\/logo-H-100.png","width":524,"height":100,"caption":"Lacteus Gest\u00e3o para Latic\u00ednios"},"image":{"@id":"https:\/\/lacteus.com.br\/v5\/#\/schema\/logo\/image\/"},"sameAs":["https:\/\/www.facebook.com\/lacteusbrasil","https:\/\/x.com\/lacteusbrasil","https:\/\/www.instagram.com\/lacteusbrasil","https:\/\/www.linkedin.com\/company\/lacteusbrasil","https:\/\/www.youtube.com\/lacteusbrasil"]}]}},"_links":{"self":[{"href":"https:\/\/lacteus.com.br\/v5\/wp-json\/wp\/v2\/pages\/59596","targetHints":{"allow":["GET"]}}],"collection":[{"href":"https:\/\/lacteus.com.br\/v5\/wp-json\/wp\/v2\/pages"}],"about":[{"href":"https:\/\/lacteus.com.br\/v5\/wp-json\/wp\/v2\/types\/page"}],"author":[{"embeddable":true,"href":"https:\/\/lacteus.com.br\/v5\/wp-json\/wp\/v2\/users\/1"}],"replies":[{"embeddable":true,"href":"https:\/\/lacteus.com.br\/v5\/wp-json\/wp\/v2\/comments?post=59596"}],"version-history":[{"count":19,"href":"https:\/\/lacteus.com.br\/v5\/wp-json\/wp\/v2\/pages\/59596\/revisions"}],"predecessor-version":[{"id":59616,"href":"https:\/\/lacteus.com.br\/v5\/wp-json\/wp\/v2\/pages\/59596\/revisions\/59616"}],"wp:attachment":[{"href":"https:\/\/lacteus.com.br\/v5\/wp-json\/wp\/v2\/media?parent=59596"}],"curies":[{"name":"wp","href":"https:\/\/api.w.org\/{rel}","templated":true}]}}