{"id":57503,"date":"2022-07-19T11:18:15","date_gmt":"2022-07-19T14:18:15","guid":{"rendered":"https:\/\/lacteus.com.br\/v5\/?page_id=57503"},"modified":"2025-02-20T07:31:01","modified_gmt":"2025-02-20T10:31:01","slug":"amigos","status":"publish","type":"page","link":"https:\/\/lacteus.com.br\/v5\/amigos\/","title":{"rendered":"Amigos"},"content":{"rendered":"\t\t<div data-elementor-type=\"wp-page\" data-elementor-id=\"57503\" class=\"elementor elementor-57503\" data-elementor-settings=\"{&quot;scroll_snap&quot;:&quot;yes&quot;}\" data-elementor-post-type=\"page\">\n\t\t\t\t<section class=\"elementor-element elementor-element-7767226 section-3 e-flex e-con-boxed e-con e-parent\" data-id=\"7767226\" data-element_type=\"container\" data-settings=\"{&quot;background_background&quot;:&quot;classic&quot;}\">\n\t\t\t\t\t<div class=\"e-con-inner\">\n\t\t<div class=\"elementor-element elementor-element-edeb75a e-flex e-con-boxed e-con e-child\" data-id=\"edeb75a\" data-element_type=\"container\">\n\t\t\t\t\t<div class=\"e-con-inner\">\n\t\t\t\t<div class=\"elementor-element elementor-element-b5b3c45 elementor-widget elementor-widget-heading\" data-id=\"b5b3c45\" data-element_type=\"widget\" data-widget_type=\"heading.default\">\n\t\t\t\t<div class=\"elementor-widget-container\">\n\t\t\t\t\t<h2 class=\"elementor-heading-title elementor-size-default\">Quem indica, amigo \u00e9<\/h2>\t\t\t\t<\/div>\n\t\t\t\t<\/div>\n\t\t\t\t<div class=\"elementor-element elementor-element-c3af893 elementor-widget elementor-widget-text-editor\" data-id=\"c3af893\" data-element_type=\"widget\" data-widget_type=\"text-editor.default\">\n\t\t\t\t<div class=\"elementor-widget-container\">\n\t\t\t\t\t\t\t\t\t<p data-start=\"229\" data-end=\"282\">Com tantas vantagens assim, voc\u00ea n\u00e3o pode deixar seus amigos de fora. E ainda aproveita pra receber pr\u00eamios para cada amigo indicado.<\/p>\t\t\t\t\t\t\t\t<\/div>\n\t\t\t\t<\/div>\n\t\t\t\t<div class=\"elementor-element elementor-element-333fd88 elementor-align-left elementor-widget elementor-widget-button\" data-id=\"333fd88\" data-element_type=\"widget\" data-widget_type=\"button.default\">\n\t\t\t\t<div class=\"elementor-widget-container\">\n\t\t\t\t\t\t\t\t\t<div class=\"elementor-button-wrapper\">\n\t\t\t\t\t<a class=\"elementor-button elementor-button-link elementor-size-sm elementor-animation-grow\" href=\"#\">\n\t\t\t\t\t\t<span class=\"elementor-button-content-wrapper\">\n\t\t\t\t\t\t<span class=\"elementor-button-icon\">\n\t\t\t\t<svg aria-hidden=\"true\" class=\"e-font-icon-svg e-fas-arrow-right\" viewBox=\"0 0 448 512\" xmlns=\"http:\/\/www.w3.org\/2000\/svg\"><path d=\"M190.5 66.9l22.2-22.2c9.4-9.4 24.6-9.4 33.9 0L441 239c9.4 9.4 9.4 24.6 0 33.9L246.6 467.3c-9.4 9.4-24.6 9.4-33.9 0l-22.2-22.2c-9.5-9.5-9.3-25 .4-34.3L311.4 296H24c-13.3 0-24-10.7-24-24v-32c0-13.3 10.7-24 24-24h287.4L190.9 101.2c-9.8-9.3-10-24.8-.4-34.3z\"><\/path><\/svg>\t\t\t<\/span>\n\t\t\t\t\t\t\t\t\t<span class=\"elementor-button-text\">Indicar um amigo <\/span>\n\t\t\t\t\t<\/span>\n\t\t\t\t\t<\/a>\n\t\t\t\t<\/div>\n\t\t\t\t\t\t\t\t<\/div>\n\t\t\t\t<\/div>\n\t\t\t\t\t<\/div>\n\t\t\t\t<\/div>\n\t\t<div class=\"elementor-element elementor-element-a37e96a e-flex e-con-boxed e-con e-child\" data-id=\"a37e96a\" data-element_type=\"container\">\n\t\t\t\t\t<div class=\"e-con-inner\">\n\t\t\t\t<div class=\"elementor-element elementor-element-91d98c0 elementor-widget elementor-widget-image\" data-id=\"91d98c0\" data-element_type=\"widget\" data-widget_type=\"image.default\">\n\t\t\t\t<div class=\"elementor-widget-container\">\n\t\t\t\t\t\t\t\t\t\t\t\t\t\t\t<img fetchpriority=\"high\" decoding=\"async\" width=\"666\" height=\"424\" src=\"https:\/\/lacteus.com.br\/v5\/wp-content\/uploads\/2025\/02\/image-8.webp\" class=\"attachment-large size-large wp-image-60507\" alt=\"\" srcset=\"https:\/\/lacteus.com.br\/v5\/wp-content\/uploads\/2025\/02\/image-8.webp 666w, https:\/\/lacteus.com.br\/v5\/wp-content\/uploads\/2025\/02\/image-8-300x191.webp 300w\" sizes=\"(max-width: 666px) 100vw, 666px\" \/>\t\t\t\t\t\t\t\t\t\t\t\t\t\t\t<\/div>\n\t\t\t\t<\/div>\n\t\t\t\t\t<\/div>\n\t\t\t\t<\/div>\n\t\t\t\t\t<\/div>\n\t\t\t\t<\/section>\n\t\t<div class=\"elementor-element elementor-element-bdf94c7 e-flex e-con-boxed e-con e-parent\" data-id=\"bdf94c7\" data-element_type=\"container\" data-settings=\"{&quot;background_background&quot;:&quot;classic&quot;}\">\n\t\t\t\t\t<div class=\"e-con-inner\">\n\t\t\t\t<div class=\"elementor-element elementor-element-711527e elementor-widget elementor-widget-heading\" data-id=\"711527e\" data-element_type=\"widget\" data-widget_type=\"heading.default\">\n\t\t\t\t<div class=\"elementor-widget-container\">\n\t\t\t\t\t<h2 class=\"elementor-heading-title elementor-size-default\">Miss\u00e3o, vis\u00e3o e valores<\/h2>\t\t\t\t<\/div>\n\t\t\t\t<\/div>\n\t\t<div class=\"elementor-element elementor-element-f6f2d07 e-con-full e-flex e-con e-child\" data-id=\"f6f2d07\" data-element_type=\"container\">\n\t\t<div class=\"elementor-element elementor-element-f6dca2e e-con-full e-flex e-con e-child\" data-id=\"f6dca2e\" data-element_type=\"container\" data-settings=\"{&quot;background_background&quot;:&quot;classic&quot;}\">\n\t\t\t\t<div class=\"elementor-element elementor-element-2b1c175 elementor-widget elementor-widget-heading\" data-id=\"2b1c175\" data-element_type=\"widget\" data-widget_type=\"heading.default\">\n\t\t\t\t<div class=\"elementor-widget-container\">\n\t\t\t\t\t<h2 class=\"elementor-heading-title elementor-size-default\">Miss\u00e3o papapapa dwndwwin hcswchbckd cjhbasddms cj   kjncdakjbcj hed cjhbeakcbe hd jjbfdhf k,akbc e<\/h2>\t\t\t\t<\/div>\n\t\t\t\t<\/div>\n\t\t\t\t<\/div>\n\t\t<div class=\"elementor-element elementor-element-45c07fb e-con-full e-flex e-con e-child\" data-id=\"45c07fb\" data-element_type=\"container\" data-settings=\"{&quot;background_background&quot;:&quot;classic&quot;}\">\n\t\t\t\t<div class=\"elementor-element elementor-element-4cd27af elementor-widget elementor-widget-heading\" data-id=\"4cd27af\" data-element_type=\"widget\" data-widget_type=\"heading.default\">\n\t\t\t\t<div class=\"elementor-widget-container\">\n\t\t\t\t\t<h2 class=\"elementor-heading-title elementor-size-default\">Vis\u00e3o papapapa dwndwwin hcswchbckd cjhbasddms cj   kjncdakjbcj hed cjhbeakcbe hd jjbfdhf k,akbc e<\/h2>\t\t\t\t<\/div>\n\t\t\t\t<\/div>\n\t\t\t\t<\/div>\n\t\t<div class=\"elementor-element elementor-element-aef9e1c e-con-full e-flex e-con e-child\" data-id=\"aef9e1c\" data-element_type=\"container\" data-settings=\"{&quot;background_background&quot;:&quot;classic&quot;}\">\n\t\t\t\t<div class=\"elementor-element elementor-element-30d2a8d elementor-widget elementor-widget-heading\" data-id=\"30d2a8d\" data-element_type=\"widget\" data-widget_type=\"heading.default\">\n\t\t\t\t<div class=\"elementor-widget-container\">\n\t\t\t\t\t<h2 class=\"elementor-heading-title elementor-size-default\">Valores papapapa dwndwwin hcswchbckd cjhbasddms cj   kjncdakjbcj hed cjhbeakcbe hd jjbfdhf k,akbc e<\/h2>\t\t\t\t<\/div>\n\t\t\t\t<\/div>\n\t\t\t\t<\/div>\n\t\t\t\t<\/div>\n\t\t\t\t\t<\/div>\n\t\t\t\t<\/div>\n\t\t<div class=\"elementor-element elementor-element-27f3d75 e-flex e-con-boxed e-con e-parent\" data-id=\"27f3d75\" data-element_type=\"container\" data-settings=\"{&quot;background_background&quot;:&quot;classic&quot;}\">\n\t\t\t\t\t<div class=\"e-con-inner\">\n\t\t<div class=\"elementor-element elementor-element-f542b4a e-con-full e-flex e-con e-child\" data-id=\"f542b4a\" data-element_type=\"container\">\n\t\t\t\t<div class=\"elementor-element elementor-element-2e94683 elementor-widget elementor-widget-heading\" data-id=\"2e94683\" data-element_type=\"widget\" data-widget_type=\"heading.default\">\n\t\t\t\t<div class=\"elementor-widget-container\">\n\t\t\t\t\t<h2 class=\"elementor-heading-title elementor-size-default\">Quem J\u00e1 Confia no Lacteus\n<\/h2>\t\t\t\t<\/div>\n\t\t\t\t<\/div>\n\t\t\t\t<div class=\"elementor-element elementor-element-8777f7f elementor-widget elementor-widget-text-editor\" data-id=\"8777f7f\" data-element_type=\"widget\" data-widget_type=\"text-editor.default\">\n\t\t\t\t<div class=\"elementor-widget-container\">\n\t\t\t\t\t\t\t\t\t<p data-start=\"229\" data-end=\"282\">Aqui est\u00e3o algumas das ind\u00fastrias l\u00e1cteas que j\u00e1 utilizam o <strong data-start=\"620\" data-end=\"635\">Lacteus ERP<\/strong> para otimizar suas opera\u00e7\u00f5es e aumentar a produtividade:<\/p>\t\t\t\t\t\t\t\t<\/div>\n\t\t\t\t<\/div>\n\t\t\t\t<div class=\"elementor-element elementor-element-ff6f361 elementor-align-left elementor-mobile-align-center elementor-widget elementor-widget-button\" data-id=\"ff6f361\" data-element_type=\"widget\" data-widget_type=\"button.default\">\n\t\t\t\t<div class=\"elementor-widget-container\">\n\t\t\t\t\t\t\t\t\t<div class=\"elementor-button-wrapper\">\n\t\t\t\t\t<a class=\"elementor-button elementor-button-link elementor-size-sm elementor-animation-grow\" href=\"#elementor-action%3Aaction%3Dpopup%3Aopen%26settings%3DeyJpZCI6IjYwNTE2IiwidG9nZ2xlIjpmYWxzZX0%3D\">\n\t\t\t\t\t\t<span class=\"elementor-button-content-wrapper\">\n\t\t\t\t\t\t\t\t\t<span class=\"elementor-button-text\">Agendar uma demonstra\u00e7\u00e3o<\/span>\n\t\t\t\t\t<\/span>\n\t\t\t\t\t<\/a>\n\t\t\t\t<\/div>\n\t\t\t\t\t\t\t\t<\/div>\n\t\t\t\t<\/div>\n\t\t\t\t<\/div>\n\t\t<div class=\"elementor-element elementor-element-b5ea12e e-con-full e-flex e-con e-child\" data-id=\"b5ea12e\" data-element_type=\"container\">\n\t\t\t\t<div class=\"elementor-element elementor-element-070287f elementor-widget elementor-widget-image\" data-id=\"070287f\" data-element_type=\"widget\" data-widget_type=\"image.default\">\n\t\t\t\t<div class=\"elementor-widget-container\">\n\t\t\t\t\t\t\t\t\t\t\t\t\t\t\t<img decoding=\"async\" width=\"608\" height=\"764\" src=\"https:\/\/lacteus.com.br\/v5\/wp-content\/uploads\/2025\/02\/AMIGOS.png\" class=\"attachment-large size-large wp-image-60509\" alt=\"\" srcset=\"https:\/\/lacteus.com.br\/v5\/wp-content\/uploads\/2025\/02\/AMIGOS.png 608w, https:\/\/lacteus.com.br\/v5\/wp-content\/uploads\/2025\/02\/AMIGOS-239x300.png 239w\" sizes=\"(max-width: 608px) 100vw, 608px\" \/>\t\t\t\t\t\t\t\t\t\t\t\t\t\t\t<\/div>\n\t\t\t\t<\/div>\n\t\t\t\t<\/div>\n\t\t\t\t\t<\/div>\n\t\t\t\t<\/div>\n\t\t\t\t<\/div>\n\t\t","protected":false},"excerpt":{"rendered":"<p>Quem indica, amigo \u00e9 Com tantas vantagens assim, voc\u00ea n\u00e3o pode deixar seus amigos de fora. E ainda aproveita pra receber pr\u00eamios para cada amigo indicado. Indicar um amigo Miss\u00e3o, vis\u00e3o e valores Miss\u00e3o papapapa dwndwwin hcswchbckd cjhbasddms cj kjncdakjbcj hed cjhbeakcbe hd jjbfdhf k,akbc e Vis\u00e3o papapapa dwndwwin hcswchbckd cjhbasddms cj kjncdakjbcj hed cjhbeakcbe [&hellip;]<\/p>\n","protected":false},"author":1,"featured_media":0,"parent":0,"menu_order":0,"comment_status":"closed","ping_status":"closed","template":"elementor_header_footer","meta":{"footnotes":""},"class_list":["post-57503","page","type-page","status-publish","hentry"],"yoast_head":"<!-- This site is optimized with the Yoast SEO plugin v24.5 - https:\/\/yoast.com\/wordpress\/plugins\/seo\/ -->\n<title>Amigos | lacteus : Gest\u00e3o para Latic\u00ednios<\/title>\n<meta name=\"robots\" content=\"index, follow, max-snippet:-1, max-image-preview:large, max-video-preview:-1\" \/>\n<link rel=\"canonical\" href=\"https:\/\/lacteus.com.br\/v5\/amigos\/\" \/>\n<meta property=\"og:locale\" content=\"pt_BR\" \/>\n<meta property=\"og:type\" content=\"article\" \/>\n<meta property=\"og:title\" content=\"Amigos | lacteus : Gest\u00e3o para Latic\u00ednios\" \/>\n<meta property=\"og:description\" content=\"Quem indica, amigo \u00e9 Com tantas vantagens assim, voc\u00ea n\u00e3o pode deixar seus amigos de fora. E ainda aproveita pra receber pr\u00eamios para cada amigo indicado. Indicar um amigo Miss\u00e3o, vis\u00e3o e valores Miss\u00e3o papapapa dwndwwin hcswchbckd cjhbasddms cj kjncdakjbcj hed cjhbeakcbe hd jjbfdhf k,akbc e Vis\u00e3o papapapa dwndwwin hcswchbckd cjhbasddms cj kjncdakjbcj hed cjhbeakcbe [&hellip;]\" \/>\n<meta property=\"og:url\" content=\"https:\/\/lacteus.com.br\/v5\/amigos\/\" \/>\n<meta property=\"og:site_name\" content=\"lacteus : Gest\u00e3o para Latic\u00ednios\" \/>\n<meta property=\"article:publisher\" content=\"https:\/\/www.facebook.com\/lacteusbrasil\" \/>\n<meta property=\"article:modified_time\" content=\"2025-02-20T10:31:01+00:00\" \/>\n<meta property=\"og:image\" content=\"https:\/\/lacteus.com.br\/v5\/wp-content\/uploads\/2025\/02\/image-8.webp\" \/>\n\t<meta property=\"og:image:width\" content=\"666\" \/>\n\t<meta property=\"og:image:height\" content=\"424\" \/>\n\t<meta property=\"og:image:type\" content=\"image\/webp\" \/>\n<meta name=\"twitter:card\" content=\"summary_large_image\" \/>\n<meta name=\"twitter:site\" content=\"@lacteusbrasil\" \/>\n<meta name=\"twitter:label1\" content=\"Est. tempo de leitura\" \/>\n\t<meta name=\"twitter:data1\" content=\"1 minuto\" \/>\n<script type=\"application\/ld+json\" class=\"yoast-schema-graph\">{\"@context\":\"https:\/\/schema.org\",\"@graph\":[{\"@type\":\"WebPage\",\"@id\":\"https:\/\/lacteus.com.br\/v5\/amigos\/\",\"url\":\"https:\/\/lacteus.com.br\/v5\/amigos\/\",\"name\":\"Amigos | lacteus : Gest\u00e3o para Latic\u00ednios\",\"isPartOf\":{\"@id\":\"https:\/\/lacteus.com.br\/v5\/#website\"},\"primaryImageOfPage\":{\"@id\":\"https:\/\/lacteus.com.br\/v5\/amigos\/#primaryimage\"},\"image\":{\"@id\":\"https:\/\/lacteus.com.br\/v5\/amigos\/#primaryimage\"},\"thumbnailUrl\":\"https:\/\/lacteus.com.br\/v5\/wp-content\/uploads\/2025\/02\/image-8.webp\",\"datePublished\":\"2022-07-19T14:18:15+00:00\",\"dateModified\":\"2025-02-20T10:31:01+00:00\",\"breadcrumb\":{\"@id\":\"https:\/\/lacteus.com.br\/v5\/amigos\/#breadcrumb\"},\"inLanguage\":\"pt-BR\",\"potentialAction\":[{\"@type\":\"ReadAction\",\"target\":[\"https:\/\/lacteus.com.br\/v5\/amigos\/\"]}]},{\"@type\":\"ImageObject\",\"inLanguage\":\"pt-BR\",\"@id\":\"https:\/\/lacteus.com.br\/v5\/amigos\/#primaryimage\",\"url\":\"https:\/\/lacteus.com.br\/v5\/wp-content\/uploads\/2025\/02\/image-8.webp\",\"contentUrl\":\"https:\/\/lacteus.com.br\/v5\/wp-content\/uploads\/2025\/02\/image-8.webp\",\"width\":666,\"height\":424},{\"@type\":\"BreadcrumbList\",\"@id\":\"https:\/\/lacteus.com.br\/v5\/amigos\/#breadcrumb\",\"itemListElement\":[{\"@type\":\"ListItem\",\"position\":1,\"name\":\"In\u00edcio\",\"item\":\"https:\/\/lacteus.com.br\/v5\/\"},{\"@type\":\"ListItem\",\"position\":2,\"name\":\"Amigos\"}]},{\"@type\":\"WebSite\",\"@id\":\"https:\/\/lacteus.com.br\/v5\/#website\",\"url\":\"https:\/\/lacteus.com.br\/v5\/\",\"name\":\"lacteus : Gest\u00e3o para Latic\u00ednios\",\"description\":\"\",\"publisher\":{\"@id\":\"https:\/\/lacteus.com.br\/v5\/#organization\"},\"potentialAction\":[{\"@type\":\"SearchAction\",\"target\":{\"@type\":\"EntryPoint\",\"urlTemplate\":\"https:\/\/lacteus.com.br\/v5\/?s={search_term_string}\"},\"query-input\":{\"@type\":\"PropertyValueSpecification\",\"valueRequired\":true,\"valueName\":\"search_term_string\"}}],\"inLanguage\":\"pt-BR\"},{\"@type\":\"Organization\",\"@id\":\"https:\/\/lacteus.com.br\/v5\/#organization\",\"name\":\"Lacteus Gest\u00e3o para Latic\u00ednios\",\"url\":\"https:\/\/lacteus.com.br\/v5\/\",\"logo\":{\"@type\":\"ImageObject\",\"inLanguage\":\"pt-BR\",\"@id\":\"https:\/\/lacteus.com.br\/v5\/#\/schema\/logo\/image\/\",\"url\":\"https:\/\/lacteus.com.br\/v5\/wp-content\/uploads\/2021\/07\/logo-H-100.png\",\"contentUrl\":\"https:\/\/lacteus.com.br\/v5\/wp-content\/uploads\/2021\/07\/logo-H-100.png\",\"width\":524,\"height\":100,\"caption\":\"Lacteus Gest\u00e3o para Latic\u00ednios\"},\"image\":{\"@id\":\"https:\/\/lacteus.com.br\/v5\/#\/schema\/logo\/image\/\"},\"sameAs\":[\"https:\/\/www.facebook.com\/lacteusbrasil\",\"https:\/\/x.com\/lacteusbrasil\",\"https:\/\/www.instagram.com\/lacteusbrasil\",\"https:\/\/www.linkedin.com\/company\/lacteusbrasil\",\"https:\/\/www.youtube.com\/lacteusbrasil\"]}]}<\/script>\n<!-- \/ Yoast SEO plugin. -->","yoast_head_json":{"title":"Amigos | lacteus : Gest\u00e3o para Latic\u00ednios","robots":{"index":"index","follow":"follow","max-snippet":"max-snippet:-1","max-image-preview":"max-image-preview:large","max-video-preview":"max-video-preview:-1"},"canonical":"https:\/\/lacteus.com.br\/v5\/amigos\/","og_locale":"pt_BR","og_type":"article","og_title":"Amigos | lacteus : Gest\u00e3o para Latic\u00ednios","og_description":"Quem indica, amigo \u00e9 Com tantas vantagens assim, voc\u00ea n\u00e3o pode deixar seus amigos de fora. E ainda aproveita pra receber pr\u00eamios para cada amigo indicado. Indicar um amigo Miss\u00e3o, vis\u00e3o e valores Miss\u00e3o papapapa dwndwwin hcswchbckd cjhbasddms cj kjncdakjbcj hed cjhbeakcbe hd jjbfdhf k,akbc e Vis\u00e3o papapapa dwndwwin hcswchbckd cjhbasddms cj kjncdakjbcj hed cjhbeakcbe [&hellip;]","og_url":"https:\/\/lacteus.com.br\/v5\/amigos\/","og_site_name":"lacteus : Gest\u00e3o para Latic\u00ednios","article_publisher":"https:\/\/www.facebook.com\/lacteusbrasil","article_modified_time":"2025-02-20T10:31:01+00:00","og_image":[{"width":666,"height":424,"url":"https:\/\/lacteus.com.br\/v5\/wp-content\/uploads\/2025\/02\/image-8.webp","type":"image\/webp"}],"twitter_card":"summary_large_image","twitter_site":"@lacteusbrasil","twitter_misc":{"Est. tempo de leitura":"1 minuto"},"schema":{"@context":"https:\/\/schema.org","@graph":[{"@type":"WebPage","@id":"https:\/\/lacteus.com.br\/v5\/amigos\/","url":"https:\/\/lacteus.com.br\/v5\/amigos\/","name":"Amigos | lacteus : Gest\u00e3o para Latic\u00ednios","isPartOf":{"@id":"https:\/\/lacteus.com.br\/v5\/#website"},"primaryImageOfPage":{"@id":"https:\/\/lacteus.com.br\/v5\/amigos\/#primaryimage"},"image":{"@id":"https:\/\/lacteus.com.br\/v5\/amigos\/#primaryimage"},"thumbnailUrl":"https:\/\/lacteus.com.br\/v5\/wp-content\/uploads\/2025\/02\/image-8.webp","datePublished":"2022-07-19T14:18:15+00:00","dateModified":"2025-02-20T10:31:01+00:00","breadcrumb":{"@id":"https:\/\/lacteus.com.br\/v5\/amigos\/#breadcrumb"},"inLanguage":"pt-BR","potentialAction":[{"@type":"ReadAction","target":["https:\/\/lacteus.com.br\/v5\/amigos\/"]}]},{"@type":"ImageObject","inLanguage":"pt-BR","@id":"https:\/\/lacteus.com.br\/v5\/amigos\/#primaryimage","url":"https:\/\/lacteus.com.br\/v5\/wp-content\/uploads\/2025\/02\/image-8.webp","contentUrl":"https:\/\/lacteus.com.br\/v5\/wp-content\/uploads\/2025\/02\/image-8.webp","width":666,"height":424},{"@type":"BreadcrumbList","@id":"https:\/\/lacteus.com.br\/v5\/amigos\/#breadcrumb","itemListElement":[{"@type":"ListItem","position":1,"name":"In\u00edcio","item":"https:\/\/lacteus.com.br\/v5\/"},{"@type":"ListItem","position":2,"name":"Amigos"}]},{"@type":"WebSite","@id":"https:\/\/lacteus.com.br\/v5\/#website","url":"https:\/\/lacteus.com.br\/v5\/","name":"lacteus : Gest\u00e3o para Latic\u00ednios","description":"","publisher":{"@id":"https:\/\/lacteus.com.br\/v5\/#organization"},"potentialAction":[{"@type":"SearchAction","target":{"@type":"EntryPoint","urlTemplate":"https:\/\/lacteus.com.br\/v5\/?s={search_term_string}"},"query-input":{"@type":"PropertyValueSpecification","valueRequired":true,"valueName":"search_term_string"}}],"inLanguage":"pt-BR"},{"@type":"Organization","@id":"https:\/\/lacteus.com.br\/v5\/#organization","name":"Lacteus Gest\u00e3o para Latic\u00ednios","url":"https:\/\/lacteus.com.br\/v5\/","logo":{"@type":"ImageObject","inLanguage":"pt-BR","@id":"https:\/\/lacteus.com.br\/v5\/#\/schema\/logo\/image\/","url":"https:\/\/lacteus.com.br\/v5\/wp-content\/uploads\/2021\/07\/logo-H-100.png","contentUrl":"https:\/\/lacteus.com.br\/v5\/wp-content\/uploads\/2021\/07\/logo-H-100.png","width":524,"height":100,"caption":"Lacteus Gest\u00e3o para Latic\u00ednios"},"image":{"@id":"https:\/\/lacteus.com.br\/v5\/#\/schema\/logo\/image\/"},"sameAs":["https:\/\/www.facebook.com\/lacteusbrasil","https:\/\/x.com\/lacteusbrasil","https:\/\/www.instagram.com\/lacteusbrasil","https:\/\/www.linkedin.com\/company\/lacteusbrasil","https:\/\/www.youtube.com\/lacteusbrasil"]}]}},"_links":{"self":[{"href":"https:\/\/lacteus.com.br\/v5\/wp-json\/wp\/v2\/pages\/57503","targetHints":{"allow":["GET"]}}],"collection":[{"href":"https:\/\/lacteus.com.br\/v5\/wp-json\/wp\/v2\/pages"}],"about":[{"href":"https:\/\/lacteus.com.br\/v5\/wp-json\/wp\/v2\/types\/page"}],"author":[{"embeddable":true,"href":"https:\/\/lacteus.com.br\/v5\/wp-json\/wp\/v2\/users\/1"}],"replies":[{"embeddable":true,"href":"https:\/\/lacteus.com.br\/v5\/wp-json\/wp\/v2\/comments?post=57503"}],"version-history":[{"count":17,"href":"https:\/\/lacteus.com.br\/v5\/wp-json\/wp\/v2\/pages\/57503\/revisions"}],"predecessor-version":[{"id":60602,"href":"https:\/\/lacteus.com.br\/v5\/wp-json\/wp\/v2\/pages\/57503\/revisions\/60602"}],"wp:attachment":[{"href":"https:\/\/lacteus.com.br\/v5\/wp-json\/wp\/v2\/media?parent=57503"}],"curies":[{"name":"wp","href":"https:\/\/api.w.org\/{rel}","templated":true}]}}